{"id":102,"date":"2020-08-02T18:06:31","date_gmt":"2020-08-02T16:06:31","guid":{"rendered":"http:\/\/neogisfleet.dscloud.biz\/wordpress\/?page_id=102"},"modified":"2020-09-22T20:58:22","modified_gmt":"2020-09-22T18:58:22","slug":"qui-sommes-nous","status":"publish","type":"page","link":"https:\/\/ail-rousset-rando.fr\/index.php\/qui-sommes-nous\/","title":{"rendered":"Qui Sommes Nous"},"content":{"rendered":"<div class=\"gridContainer\">\n<h2>L&rsquo;histoire du Club<\/h2>\n<\/div>\n\n<div class=\"gridContainer\">\n<p><\/p>\n<\/div>\n\n<div class=\"gridContainer\">\n<p><br>La section RANDO des A.I.L. De ROUSSET a \u00e9t\u00e9 cr\u00e9\u00e9e au printemps 1992 par un groupe d\u2019amis qui pratiquaient la course \u00e0 pied au sein de cette association. Le succ\u00e8s a \u00e9t\u00e9 imm\u00e9diat. Plusieurs dizaines de personnes de ROUSSET mais aussi de villages voisins nous ont rejoints. Les premi\u00e8res ann\u00e9es, nous organisions des sorties 2 fois par mois, le samedi apr\u00e8s-midi ou le dimanche dans la journ\u00e9e. Cette programmation est toujours d\u2019actualit\u00e9. Tr\u00e8s vite des week-ends ont \u00e9t\u00e9 propos\u00e9s, 3 ou 4 dans l\u2019ann\u00e9e dont un en hiver pour la pratique des raquettes. Depuis quelques ann\u00e9es des s\u00e9jours d\u2019une semaine en \u00e9t\u00e9 ont vu le jour, en France ou \u00e0 l\u2019\u00e9tranger (Italie, Espagne). De plus , deux fois par mois , l\u2019apr\u00e8s-midi , de petites randonn\u00e9es dans les massifs voisins permettent d\u2019accueillir les personnes qui ne veulent ou ne peuvent marcher trop longtemps.<br><br><br><\/p>\n<\/div>\n\n<div class=\"gridContainer\">\n<h2>L&rsquo;\u00e9quipe<\/h2>\n<\/div>\n\n<div class=\"gridContainer\">\n<p><br>Une \u00e9quipe de choc et de charme pour vous accompagner : notre responsable de la section rando des AIL (Jean Marie Granier) et son adjoint (Guy Wellems).<br><\/p>\n<\/div>\n\n<div class=\"gridContainer\">\n<div class=\"wp-block-image\"><figure class=\"aligncenter\"><img loading=\"lazy\" width=\"300\" height=\"200\" src=\"https:\/\/ail-rousset-rando.fr\/wp-content\/uploads\/2020\/09\/P1000931.gif\" alt=\"\" class=\"wp-image-344\"\/><\/figure><\/div>\n<\/div>\n\n<div class=\"gridContainer\">\n<p><\/p>\n<\/div>","protected":false},"excerpt":{"rendered":"<p>L&rsquo;histoire du Club La section RANDO des A.I.L. De ROUSSET a \u00e9t\u00e9 cr\u00e9\u00e9e au printemps 1992 par un groupe d\u2019amis qui pratiquaient la course \u00e0 pied au sein de cette association. Le succ\u00e8s a \u00e9t\u00e9 imm\u00e9diat. Plusieurs dizaines de personnes de ROUSSET mais aussi de villages voisins nous ont rejoints. Les premi\u00e8res ann\u00e9es, nous organisions&nbsp;&hellip;<\/p>\n","protected":false},"author":1,"featured_media":0,"parent":0,"menu_order":0,"comment_status":"closed","ping_status":"closed","template":"","meta":[],"_links":{"self":[{"href":"https:\/\/ail-rousset-rando.fr\/index.php\/wp-json\/wp\/v2\/pages\/102"}],"collection":[{"href":"https:\/\/ail-rousset-rando.fr\/index.php\/wp-json\/wp\/v2\/pages"}],"about":[{"href":"https:\/\/ail-rousset-rando.fr\/index.php\/wp-json\/wp\/v2\/types\/page"}],"author":[{"embeddable":true,"href":"https:\/\/ail-rousset-rando.fr\/index.php\/wp-json\/wp\/v2\/users\/1"}],"replies":[{"embeddable":true,"href":"https:\/\/ail-rousset-rando.fr\/index.php\/wp-json\/wp\/v2\/comments?post=102"}],"version-history":[{"count":7,"href":"https:\/\/ail-rousset-rando.fr\/index.php\/wp-json\/wp\/v2\/pages\/102\/revisions"}],"predecessor-version":[{"id":347,"href":"https:\/\/ail-rousset-rando.fr\/index.php\/wp-json\/wp\/v2\/pages\/102\/revisions\/347"}],"wp:attachment":[{"href":"https:\/\/ail-rousset-rando.fr\/index.php\/wp-json\/wp\/v2\/media?parent=102"}],"curies":[{"name":"wp","href":"https:\/\/api.w.org\/{rel}","templated":true}]}}