{"id":151,"date":"2020-08-04T23:44:07","date_gmt":"2020-08-04T21:44:07","guid":{"rendered":"http:\/\/neogisfleet.dscloud.biz\/wordpress\/?page_id=151"},"modified":"2020-09-22T20:51:17","modified_gmt":"2020-09-22T18:51:17","slug":"adherez","status":"publish","type":"page","link":"https:\/\/ail-rousset-rando.fr\/index.php\/adherez\/","title":{"rendered":"Adh\u00e9rer"},"content":{"rendered":"<div class=\"gridContainer\">\n<h2>Comment adh\u00e9rer ?<\/h2>\n<\/div>\n\n<div class=\"gridContainer\">\n<ul><li>Pour adh\u00e9rer \u00e0 l&rsquo;AIL Rando , vous devez\u00a0<strong>vous inscrire sur le site des <a href=\"https:\/\/ail-rousset.com\" target=\"_blank\" rel=\"noreferrer noopener\" aria-label=\" (s\u2019ouvre dans un nouvel onglet)\">AIL Rousset<\/a><\/strong>.<\/li><li>La cotisation est de 45\u20ac par personne.<\/li><\/ul>\n<\/div>\n\n<div class=\"gridContainer\">\n<div class=\"wp-block-image\"><figure class=\"aligncenter is-resized\"><img loading=\"lazy\" src=\"https:\/\/ail-rousset-rando.fr\/wp-content\/uploads\/2020\/08\/P1080533-1024x768.jpg\" alt=\"\" class=\"wp-image-226\" width=\"357\" height=\"268\" srcset=\"https:\/\/ail-rousset-rando.fr\/wp-content\/uploads\/2020\/08\/P1080533-1024x768.jpg 1024w, https:\/\/ail-rousset-rando.fr\/wp-content\/uploads\/2020\/08\/P1080533-300x225.jpg 300w, https:\/\/ail-rousset-rando.fr\/wp-content\/uploads\/2020\/08\/P1080533-768x576.jpg 768w, https:\/\/ail-rousset-rando.fr\/wp-content\/uploads\/2020\/08\/P1080533-1232x924.jpg 1232w, https:\/\/ail-rousset-rando.fr\/wp-content\/uploads\/2020\/08\/P1080533-1440x1080.jpg 1440w\" sizes=\"(max-width: 357px) 100vw, 357px\" \/><\/figure><\/div>\n<\/div>\n\n<div class=\"gridContainer\">\n<p><\/p>\n<\/div>\n\n<div class=\"gridContainer\">\n<p><\/p>\n<\/div>","protected":false},"excerpt":{"rendered":"<p>Comment adh\u00e9rer ? Pour adh\u00e9rer \u00e0 l&rsquo;AIL Rando , vous devez\u00a0vous inscrire sur le site des AIL Rousset. La cotisation est de 45\u20ac par personne.<\/p>\n","protected":false},"author":1,"featured_media":0,"parent":0,"menu_order":0,"comment_status":"closed","ping_status":"closed","template":"","meta":[],"_links":{"self":[{"href":"https:\/\/ail-rousset-rando.fr\/index.php\/wp-json\/wp\/v2\/pages\/151"}],"collection":[{"href":"https:\/\/ail-rousset-rando.fr\/index.php\/wp-json\/wp\/v2\/pages"}],"about":[{"href":"https:\/\/ail-rousset-rando.fr\/index.php\/wp-json\/wp\/v2\/types\/page"}],"author":[{"embeddable":true,"href":"https:\/\/ail-rousset-rando.fr\/index.php\/wp-json\/wp\/v2\/users\/1"}],"replies":[{"embeddable":true,"href":"https:\/\/ail-rousset-rando.fr\/index.php\/wp-json\/wp\/v2\/comments?post=151"}],"version-history":[{"count":4,"href":"https:\/\/ail-rousset-rando.fr\/index.php\/wp-json\/wp\/v2\/pages\/151\/revisions"}],"predecessor-version":[{"id":333,"href":"https:\/\/ail-rousset-rando.fr\/index.php\/wp-json\/wp\/v2\/pages\/151\/revisions\/333"}],"wp:attachment":[{"href":"https:\/\/ail-rousset-rando.fr\/index.php\/wp-json\/wp\/v2\/media?parent=151"}],"curies":[{"name":"wp","href":"https:\/\/api.w.org\/{rel}","templated":true}]}}