{"id":197,"date":"2020-08-09T14:27:07","date_gmt":"2020-08-09T12:27:07","guid":{"rendered":"http:\/\/neogisfleet.dscloud.biz\/wordpress\/?page_id=197"},"modified":"2020-09-11T17:33:30","modified_gmt":"2020-09-11T15:33:30","slug":"le-mont-gerbier-de-jonc","status":"publish","type":"page","link":"https:\/\/ail-rousset-rando.fr\/index.php\/le-mont-gerbier-de-jonc\/","title":{"rendered":"Le mont Gerbier de Jonc"},"content":{"rendered":"<div class=\"gridContainer\">\n<p> <strong>Le Mont Gerbier de Jonc<\/strong>&nbsp;est situ\u00e9 sur les communes de Saint-Martial et Sainte-Eulalie en Haute-Ard\u00e8che. C&rsquo;est&nbsp;<strong>le deuxi\u00e8me site touristique<\/strong>&nbsp;du d\u00e9partement de l&rsquo;Ard\u00e8che, apr\u00e8s les gorges de l&rsquo;Ard\u00e8che<\/p>\n<\/div>\n\n<div class=\"gridContainer\">\n<p> <\/p>\n<\/div>\n\n<div class=\"gridContainer\">\n<div class=\"wp-block-image\"><figure class=\"aligncenter\"><img loading=\"lazy\" width=\"459\" height=\"347\" src=\"https:\/\/ail-rousset-rando.fr\/wp-content\/uploads\/2020\/08\/MGJ_Photo1.png\" alt=\"\" class=\"wp-image-201\" srcset=\"https:\/\/ail-rousset-rando.fr\/wp-content\/uploads\/2020\/08\/MGJ_Photo1.png 459w, https:\/\/ail-rousset-rando.fr\/wp-content\/uploads\/2020\/08\/MGJ_Photo1-300x227.png 300w\" sizes=\"(max-width: 459px) 100vw, 459px\" \/><\/figure><\/div>\n<\/div>\n\n<div class=\"gridContainer\">\n<p>Monter et descendre le Mont Gerbier de Jonc 1 km 4 avec une vue magnifique du haut, puis faire le tour du Mont Gerbier, 13 km 6 avec 793m de d\u00e9nivel\u00e9 positif cumul\u00e9 et 795 m de d\u00e9nivel\u00e9 n\u00e9gatif.<\/p>\n<\/div>\n\n<div class=\"gridContainer\">\n<p>Une super randonn\u00e9e faite avec un groupe de 21 personnes.<\/p>\n<\/div>\n\n<div class=\"gridContainer\">\n<div class=\"wp-block-image\"><figure class=\"aligncenter size-large\"><figure><img src=\"https:\/\/ail-rousset-rando.fr\/wp-content\/uploads\/2020\/08\/Carte.png\" alt=\"\" class=\"wp-image-198\"><\/figure><\/figure><\/div>\n<\/div>\n\n<div class=\"gridContainer\">\n<p><\/p>\n<\/div>","protected":false},"excerpt":{"rendered":"<p>Le Mont Gerbier de Jonc&nbsp;est situ\u00e9 sur les communes de Saint-Martial et Sainte-Eulalie en Haute-Ard\u00e8che. C&rsquo;est&nbsp;le deuxi\u00e8me site touristique&nbsp;du d\u00e9partement de l&rsquo;Ard\u00e8che, apr\u00e8s les gorges de l&rsquo;Ard\u00e8che Monter et descendre le Mont Gerbier de Jonc 1 km 4 avec une vue magnifique du haut, puis faire le tour du Mont Gerbier, 13 km 6 avec&nbsp;&hellip;<\/p>\n","protected":false},"author":1,"featured_media":0,"parent":0,"menu_order":0,"comment_status":"closed","ping_status":"closed","template":"page-templates\/page-with-right-sidebar.php","meta":[],"_links":{"self":[{"href":"https:\/\/ail-rousset-rando.fr\/index.php\/wp-json\/wp\/v2\/pages\/197"}],"collection":[{"href":"https:\/\/ail-rousset-rando.fr\/index.php\/wp-json\/wp\/v2\/pages"}],"about":[{"href":"https:\/\/ail-rousset-rando.fr\/index.php\/wp-json\/wp\/v2\/types\/page"}],"author":[{"embeddable":true,"href":"https:\/\/ail-rousset-rando.fr\/index.php\/wp-json\/wp\/v2\/users\/1"}],"replies":[{"embeddable":true,"href":"https:\/\/ail-rousset-rando.fr\/index.php\/wp-json\/wp\/v2\/comments?post=197"}],"version-history":[{"count":1,"href":"https:\/\/ail-rousset-rando.fr\/index.php\/wp-json\/wp\/v2\/pages\/197\/revisions"}],"predecessor-version":[{"id":246,"href":"https:\/\/ail-rousset-rando.fr\/index.php\/wp-json\/wp\/v2\/pages\/197\/revisions\/246"}],"wp:attachment":[{"href":"https:\/\/ail-rousset-rando.fr\/index.php\/wp-json\/wp\/v2\/media?parent=197"}],"curies":[{"name":"wp","href":"https:\/\/api.w.org\/{rel}","templated":true}]}}