{"id":370,"date":"2020-09-22T21:46:28","date_gmt":"2020-09-22T19:46:28","guid":{"rendered":"https:\/\/ail-rousset-rando.fr\/?page_id=370"},"modified":"2021-08-20T17:27:58","modified_gmt":"2021-08-20T15:27:58","slug":"espace-membre","status":"publish","type":"page","link":"https:\/\/ail-rousset-rando.fr\/index.php\/espace-membre\/","title":{"rendered":"Espace Membre"},"content":{"rendered":"Vous devez \u00eatre connect\u00e9 pour voir ce contenu.","protected":false},"excerpt":{"rendered":"Vous devez \u00eatre connect\u00e9 pour voir ce contenu.","protected":false},"author":1,"featured_media":0,"parent":0,"menu_order":0,"comment_status":"closed","ping_status":"closed","template":"","meta":[],"_links":{"self":[{"href":"https:\/\/ail-rousset-rando.fr\/index.php\/wp-json\/wp\/v2\/pages\/370"}],"collection":[{"href":"https:\/\/ail-rousset-rando.fr\/index.php\/wp-json\/wp\/v2\/pages"}],"about":[{"href":"https:\/\/ail-rousset-rando.fr\/index.php\/wp-json\/wp\/v2\/types\/page"}],"author":[{"embeddable":true,"href":"https:\/\/ail-rousset-rando.fr\/index.php\/wp-json\/wp\/v2\/users\/1"}],"replies":[{"embeddable":true,"href":"https:\/\/ail-rousset-rando.fr\/index.php\/wp-json\/wp\/v2\/comments?post=370"}],"version-history":[{"count":14,"href":"https:\/\/ail-rousset-rando.fr\/index.php\/wp-json\/wp\/v2\/pages\/370\/revisions"}],"predecessor-version":[{"id":509,"href":"https:\/\/ail-rousset-rando.fr\/index.php\/wp-json\/wp\/v2\/pages\/370\/revisions\/509"}],"wp:attachment":[{"href":"https:\/\/ail-rousset-rando.fr\/index.php\/wp-json\/wp\/v2\/media?parent=370"}],"curies":[{"name":"wp","href":"https:\/\/api.w.org\/{rel}","templated":true}]}}