{"id":444,"date":"2021-08-20T16:04:42","date_gmt":"2021-08-20T14:04:42","guid":{"rendered":"https:\/\/ail-rousset-rando.fr\/?page_id=444"},"modified":"2021-09-02T13:45:10","modified_gmt":"2021-09-02T11:45:10","slug":"programme-2021-2022","status":"publish","type":"page","link":"https:\/\/ail-rousset-rando.fr\/index.php\/programme-2021-2022\/","title":{"rendered":"Programme 2021-2022"},"content":{"rendered":"<h2>Informations<\/h2>\n<ul style=\"list-style-type: circle;\">\n<li><span style=\"color: #000000;font-size: x-large;\">Info 1:&nbsp;\u00e0 partir du&nbsp;<strong>15 septembre<\/strong>, il ne sera plus possible de participer \u00e0 nos randonn\u00e9es sans \u00eatre inscrit (r\u00e8glement des A. I. L.)<\/span><\/li>\n<li>\n<p><span style=\"color: #000000;font-size: x-large;\">Info 2: Forum des associations&nbsp;Place Paul Borde&nbsp;le&nbsp;<strong>samedi 4 septembre<\/strong>&nbsp;\u00e0 partir de 14 H<\/span><\/p>\n<p><\/p>\n<\/li>\n<\/ul>\n\n<div class=\"gridContainer\">\n<p><\/p>\n<\/div>\n\nPas de \u00c9v\u00e8nements\n\n<div class=\"gridContainer\">\n<p><\/p>\n<\/div>","protected":false},"excerpt":{"rendered":"<p>Informations Info 1:&nbsp;\u00e0 partir du&nbsp;15 septembre, il ne sera plus possible de participer \u00e0 nos randonn\u00e9es sans \u00eatre inscrit (r\u00e8glement des A. I. L.) Info 2: Forum des associations&nbsp;Place Paul Borde&nbsp;le&nbsp;samedi 4 septembre&nbsp;\u00e0 partir de 14 H<\/p>\n","protected":false},"author":1,"featured_media":0,"parent":0,"menu_order":0,"comment_status":"closed","ping_status":"closed","template":"","meta":[],"_links":{"self":[{"href":"https:\/\/ail-rousset-rando.fr\/index.php\/wp-json\/wp\/v2\/pages\/444"}],"collection":[{"href":"https:\/\/ail-rousset-rando.fr\/index.php\/wp-json\/wp\/v2\/pages"}],"about":[{"href":"https:\/\/ail-rousset-rando.fr\/index.php\/wp-json\/wp\/v2\/types\/page"}],"author":[{"embeddable":true,"href":"https:\/\/ail-rousset-rando.fr\/index.php\/wp-json\/wp\/v2\/users\/1"}],"replies":[{"embeddable":true,"href":"https:\/\/ail-rousset-rando.fr\/index.php\/wp-json\/wp\/v2\/comments?post=444"}],"version-history":[{"count":33,"href":"https:\/\/ail-rousset-rando.fr\/index.php\/wp-json\/wp\/v2\/pages\/444\/revisions"}],"predecessor-version":[{"id":533,"href":"https:\/\/ail-rousset-rando.fr\/index.php\/wp-json\/wp\/v2\/pages\/444\/revisions\/533"}],"wp:attachment":[{"href":"https:\/\/ail-rousset-rando.fr\/index.php\/wp-json\/wp\/v2\/media?parent=444"}],"curies":[{"name":"wp","href":"https:\/\/api.w.org\/{rel}","templated":true}]}}