{"id":5,"date":"2020-09-11T15:06:38","date_gmt":"2020-09-11T13:06:38","guid":{"rendered":"http:\/\/ail-rousset-rando.fr\/index.php\/materialis\/"},"modified":"2020-09-22T22:11:43","modified_gmt":"2020-09-22T20:11:43","slug":"materialis","status":"publish","type":"page","link":"https:\/\/ail-rousset-rando.fr\/","title":{"rendered":"Front Page"},"content":{"rendered":"<div  data-label=\"Content\" data-id=\"content--1\" data-export-id=\"content-8-materialis\" data-category=\"content\" class=\"content-8m content-section-spacing-large content-section\" id=\"content-1\" style=\"background-color: rgb(245, 250, 253);\"><div  class=\"gridContainer\"> <div  class=\"row middle-sm\"><div  class=\"col-md-5 col-xs-12 col-sm-6 space-bottom-xs\" data-type=\"column\">  <h3  class=\"\">Alors pourquoi adh\u00e9rer \u00e0 notre section A.I.L. ROUSSET RANDO ?<\/h3> <p  class=\"space-top\">&nbsp;D\u2019abord pour tout le b\u00e9n\u00e9fice qu\u2019apporte \u00e0 la sant\u00e9 la pratique de la randonn\u00e9e : bienfait tant sur le plan physique que mental. <br ><br >Parall\u00e8lement \u00e0 la d\u00e9couverte de paysages et de sites, les rencontres humaines sont une richesse de notre association o\u00f9 la convivialit\u00e9 est un des \u00e9l\u00e9ments majeurs de notre succ\u00e8s.<\/p> <a  href=\"https:\/\/ail-rousset-rando.fr\/index.php\/qui-sommes-nous\" class=\"button read-more link color1 space-top negative-margin mdc-ripple-upgraded\" target=\"_self\" data-cp-link=\"1\">Plus d\u2019informations<i  class=\"mdi mdi-arrow-right-thick read-more-icon\"><\/i><\/a> <\/div> <div  class=\"col-md-6 col-md-offset-1 col-xs-12 col-sm-6\"> <img  class=\"mdc-elevation--z9 rounded\" src=\"https:\/\/ail-rousset-rando.fr\/wp-content\/uploads\/2020\/08\/cropped-MGJ_Photo2-1.png\"><\/div> <\/div><\/div> <\/div><div  data-label=\"Content\" data-id=\"content--2\" data-export-id=\"content-7-materialis\" data-category=\"content\" class=\"content-7m content-section-spacing-large content-section\" id=\"content-2\" style=\"background-color: rgb(255, 255, 255);\"><div  class=\"gridContainer\"> <div  class=\"row middle-sm\"><div  class=\"col-md-6 col-xs-12 col-sm-6 col-padding-small-xs\"> <img  class=\"mdc-elevation--z13 img-rounded\" src=\"https:\/\/ail-rousset-rando.fr\/wp-content\/uploads\/2020\/08\/cropped-MGJ_Photo1.png\"><\/div> <div  class=\"col-md-5 col-md-offset-1 col-xs-12 col-sm-6 content-left-sm col-padding-small-xs\" data-type=\"column\"> <h3  class=\"space-bottom\">Un exemple de Randonn\u00e9e<\/h3> <p  class=\"space-top\"> Un voyage au Mont Gerbier de Jonc, c\u00e9lebre pour sa forme particuli\u00e8re et son extraordinaire richesse naturelle, mais aussi car il accueille les trois sources de la loire. Un voyage au Mont Gerbier de Jonc, c\u00e9lebre pour sa forme particuli\u00e8re et son extraordinaire richesse naturelle, mais aussi car il accueille les trois sources de la loire.  <\/p> <a  href=\"https:\/\/ail-rousset-rando.fr\/index.php\/le-mont-gerbier-de-jonc\" class=\"button read-more link color1 space-top negative-margin mdc-ripple-upgraded\" target=\"_self\" data-cp-link=\"1\">Plus d\u2019informations<i  class=\"mdi mdi-arrow-right-thick read-more-icon\"><\/i><\/a><\/div> <\/div><\/div> <\/div><div  data-label=\"About\" data-id=\"about--1\" data-export-id=\"about-4\" data-category=\"about\" class=\"about-4 content-section content-section-spacing-large\" id=\"about-1\" style=\"background-color: rgb(245, 250, 253);\"><div  class=\"gridContainer\"> <div  class=\"row middle-sm text-center\"><div  class=\"col-sm-5 space-bottom-xs\" data-type=\"column\">  <h2  class=\"\">Profitez des meilleures <br > <span  style=\"font-family: Playfair Display,sans-serif; font-weight: 700; font-style: italic;\" href=\"#\">randonn\u00e9es de la r\u00e9gion<\/span>&nbsp;combin\u00e9es \u00e0 la bonne humeur&nbsp;<\/h2> <p  class=\"\">RANDONN\u00c9E P\u00c9DESTRE : Les samedis et dimanches <br ><br >ON RANDONNE DANS NOS MASSIFS : Les mercredis et jeudis<\/p> <a  class=\"button big color1 mdc-ripple-upgraded\" href=\"https:\/\/ail-rousset.com\/activites\/randonnee\" target=\"_blank\" data-cp-link=\"1\">Inscrivez Vous<\/a><\/div> <div  class=\"col-sm-7 flexbox center-xs middle-xs image-group-2-img padding-top-bottom\"> <img  class=\"img-1 rounded mdc-elevation--z10\" data-size=\"250x200\" src=\"https:\/\/ail-rousset-rando.fr\/wp-content\/uploads\/2020\/08\/cropped-P1080533-1.jpg\"> <img  class=\"img-2 rounded mdc-elevation--z10\" data-size=\"220x170\" src=\"https:\/\/ail-rousset-rando.fr\/wp-content\/uploads\/2020\/08\/cropped-img778-scaled.jpg\"><\/div> <\/div><\/div> <\/div>","protected":false},"excerpt":{"rendered":"","protected":false},"author":1,"featured_media":0,"parent":0,"menu_order":0,"comment_status":"closed","ping_status":"closed","template":"page-templates\/homepage.php","meta":[],"_links":{"self":[{"href":"https:\/\/ail-rousset-rando.fr\/index.php\/wp-json\/wp\/v2\/pages\/5"}],"collection":[{"href":"https:\/\/ail-rousset-rando.fr\/index.php\/wp-json\/wp\/v2\/pages"}],"about":[{"href":"https:\/\/ail-rousset-rando.fr\/index.php\/wp-json\/wp\/v2\/types\/page"}],"author":[{"embeddable":true,"href":"https:\/\/ail-rousset-rando.fr\/index.php\/wp-json\/wp\/v2\/users\/1"}],"replies":[{"embeddable":true,"href":"https:\/\/ail-rousset-rando.fr\/index.php\/wp-json\/wp\/v2\/comments?post=5"}],"version-history":[{"count":11,"href":"https:\/\/ail-rousset-rando.fr\/index.php\/wp-json\/wp\/v2\/pages\/5\/revisions"}],"predecessor-version":[{"id":390,"href":"https:\/\/ail-rousset-rando.fr\/index.php\/wp-json\/wp\/v2\/pages\/5\/revisions\/390"}],"wp:attachment":[{"href":"https:\/\/ail-rousset-rando.fr\/index.php\/wp-json\/wp\/v2\/media?parent=5"}],"curies":[{"name":"wp","href":"https:\/\/api.w.org\/{rel}","templated":true}]}}